{"id":5225,"date":"2025-06-28T18:46:39","date_gmt":"2025-06-28T17:46:39","guid":{"rendered":"https:\/\/www.bluessential.com\/?page_id=5225"},"modified":"2025-06-28T19:37:37","modified_gmt":"2025-06-28T18:37:37","slug":"buildings-malaga","status":"publish","type":"page","link":"https:\/\/www.bluessential.com\/en\/buildings-malaga\/","title":{"rendered":"Buildings Malaga"},"content":{"rendered":"\t\t<div data-elementor-type=\"wp-page\" data-elementor-id=\"5225\" class=\"elementor elementor-5225 elementor-5224\" data-elementor-post-type=\"page\">\n\t\t\t\t<div class=\"elementor-element elementor-element-4e721e9 e-flex e-con-boxed e-con e-parent\" data-id=\"4e721e9\" data-element_type=\"container\" data-e-type=\"container\">\n\t\t\t\t\t<div class=\"e-con-inner\">\n\t\t\t\t<div class=\"elementor-element elementor-element-b36299f elementor-widget elementor-widget-houzez_elementor_property-card-v1\" data-id=\"b36299f\" data-element_type=\"widget\" data-e-type=\"widget\" data-widget_type=\"houzez_elementor_property-card-v1.default\">\n\t\t\t\t<div class=\"elementor-widget-container\">\n\t\t\t\t\t    <div id=\"properties_module_section\" class=\"property-cards-module property-cards-module-v1 property-cards-module-col-3\">\n        <div id=\"module_properties\" class=\"listing-view grid-view row row-cols-1 row-cols-md-2 row-cols-lg-3 gy-4 gx-4\">\n            <div class=\"p-4 bg-white\">\n\t<p class=\"text-center my-4 fs-5\">No listing found.<\/p>\n<\/div>        <\/div><!-- listing-view -->\n\n            <\/div><!-- property-grid-module -->\n    \t\t\t\t<\/div>\n\t\t\t\t<\/div>\n\t\t\t\t\t<\/div>\n\t\t\t\t<\/div>\n\t\t\t\t<\/div>\n\t\t","protected":false},"excerpt":{"rendered":"<p>Destacado For Sale Hot Offer M\u00e1laga 6,500,000\u20ac For Sale Hot Offer M\u00e1laga Edificio c\u00e9ntrico en M\u00e1laga 6,500,000\u20ac M\u00e1laga, Andaluc\u00eda, Espa\u00f1a Dormitorios: 71 Aseos: 52 3300 m2<\/p>\n","protected":false},"author":1,"featured_media":0,"parent":0,"menu_order":0,"comment_status":"closed","ping_status":"closed","template":"","meta":{"_acf_changed":false,"footnotes":""},"class_list":["post-5225","page","type-page","status-publish","hentry"],"acf":[],"yoast_head":"<!-- This site is optimized with the Yoast SEO plugin v27.4 - https:\/\/yoast.com\/product\/yoast-seo-wordpress\/ -->\n<title>Buildings Malaga - Bluessential Luxury Real Estate<\/title>\n<meta name=\"robots\" content=\"index, follow, max-snippet:-1, max-image-preview:large, max-video-preview:-1\" \/>\n<link rel=\"canonical\" href=\"https:\/\/www.bluessential.com\/en\/buildings-malaga\/\" \/>\n<meta property=\"og:locale\" content=\"en_US\" \/>\n<meta property=\"og:type\" content=\"article\" \/>\n<meta property=\"og:title\" content=\"Buildings Malaga - Bluessential Luxury Real Estate\" \/>\n<meta property=\"og:description\" content=\"Destacado For Sale Hot Offer M\u00e1laga 6,500,000\u20ac For Sale Hot Offer M\u00e1laga Edificio c\u00e9ntrico en M\u00e1laga 6,500,000\u20ac M\u00e1laga, Andaluc\u00eda, Espa\u00f1a Dormitorios: 71 Aseos: 52 3300 m2\" \/>\n<meta property=\"og:url\" content=\"https:\/\/www.bluessential.com\/en\/buildings-malaga\/\" \/>\n<meta property=\"og:site_name\" content=\"Bluessential Luxury Real Estate\" \/>\n<meta property=\"article:modified_time\" content=\"2025-06-28T18:37:37+00:00\" \/>\n<meta property=\"og:image\" content=\"https:\/\/www.bluessential.com\/wp-content\/uploads\/2025\/06\/img71-592x444.jpg\" \/>\n<meta name=\"twitter:card\" content=\"summary_large_image\" \/>\n<meta name=\"twitter:label1\" content=\"Est. reading time\" \/>\n\t<meta name=\"twitter:data1\" content=\"1 minute\" \/>\n<script type=\"application\/ld+json\" class=\"yoast-schema-graph\">{\"@context\":\"https:\\\/\\\/schema.org\",\"@graph\":[{\"@type\":\"WebPage\",\"@id\":\"https:\\\/\\\/www.bluessential.com\\\/en\\\/buildings-malaga\\\/\",\"url\":\"https:\\\/\\\/www.bluessential.com\\\/en\\\/buildings-malaga\\\/\",\"name\":\"Buildings Malaga - Bluessential Luxury Real Estate\",\"isPartOf\":{\"@id\":\"https:\\\/\\\/www.bluessential.com\\\/#website\"},\"primaryImageOfPage\":{\"@id\":\"https:\\\/\\\/www.bluessential.com\\\/en\\\/buildings-malaga\\\/#primaryimage\"},\"image\":{\"@id\":\"https:\\\/\\\/www.bluessential.com\\\/en\\\/buildings-malaga\\\/#primaryimage\"},\"thumbnailUrl\":\"https:\\\/\\\/www.bluessential.com\\\/wp-content\\\/uploads\\\/2025\\\/06\\\/img71-592x444.jpg\",\"datePublished\":\"2025-06-28T17:46:39+00:00\",\"dateModified\":\"2025-06-28T18:37:37+00:00\",\"breadcrumb\":{\"@id\":\"https:\\\/\\\/www.bluessential.com\\\/en\\\/buildings-malaga\\\/#breadcrumb\"},\"inLanguage\":\"en-US\",\"potentialAction\":[{\"@type\":\"ReadAction\",\"target\":[\"https:\\\/\\\/www.bluessential.com\\\/en\\\/buildings-malaga\\\/\"]}]},{\"@type\":\"ImageObject\",\"inLanguage\":\"en-US\",\"@id\":\"https:\\\/\\\/www.bluessential.com\\\/en\\\/buildings-malaga\\\/#primaryimage\",\"url\":\"https:\\\/\\\/www.bluessential.com\\\/wp-content\\\/uploads\\\/2025\\\/06\\\/img71-592x444.jpg\",\"contentUrl\":\"https:\\\/\\\/www.bluessential.com\\\/wp-content\\\/uploads\\\/2025\\\/06\\\/img71-592x444.jpg\"},{\"@type\":\"BreadcrumbList\",\"@id\":\"https:\\\/\\\/www.bluessential.com\\\/en\\\/buildings-malaga\\\/#breadcrumb\",\"itemListElement\":[{\"@type\":\"ListItem\",\"position\":1,\"name\":\"Portada\",\"item\":\"https:\\\/\\\/www.bluessential.com\\\/\"},{\"@type\":\"ListItem\",\"position\":2,\"name\":\"Buildings Malaga\"}]},{\"@type\":\"WebSite\",\"@id\":\"https:\\\/\\\/www.bluessential.com\\\/#website\",\"url\":\"https:\\\/\\\/www.bluessential.com\\\/\",\"name\":\"Bluessential Luxury Real Estate\",\"description\":\"Balearic Islands\",\"potentialAction\":[{\"@type\":\"SearchAction\",\"target\":{\"@type\":\"EntryPoint\",\"urlTemplate\":\"https:\\\/\\\/www.bluessential.com\\\/?s={search_term_string}\"},\"query-input\":{\"@type\":\"PropertyValueSpecification\",\"valueRequired\":true,\"valueName\":\"search_term_string\"}}],\"inLanguage\":\"en-US\"}]}<\/script>\n<!-- \/ Yoast SEO plugin. -->","yoast_head_json":{"title":"Buildings Malaga - Bluessential Luxury Real Estate","robots":{"index":"index","follow":"follow","max-snippet":"max-snippet:-1","max-image-preview":"max-image-preview:large","max-video-preview":"max-video-preview:-1"},"canonical":"https:\/\/www.bluessential.com\/en\/buildings-malaga\/","og_locale":"en_US","og_type":"article","og_title":"Buildings Malaga - Bluessential Luxury Real Estate","og_description":"Destacado For Sale Hot Offer M\u00e1laga 6,500,000\u20ac For Sale Hot Offer M\u00e1laga Edificio c\u00e9ntrico en M\u00e1laga 6,500,000\u20ac M\u00e1laga, Andaluc\u00eda, Espa\u00f1a Dormitorios: 71 Aseos: 52 3300 m2","og_url":"https:\/\/www.bluessential.com\/en\/buildings-malaga\/","og_site_name":"Bluessential Luxury Real Estate","article_modified_time":"2025-06-28T18:37:37+00:00","og_image":[{"url":"https:\/\/www.bluessential.com\/wp-content\/uploads\/2025\/06\/img71-592x444.jpg","type":"","width":"","height":""}],"twitter_card":"summary_large_image","twitter_misc":{"Est. reading time":"1 minute"},"schema":{"@context":"https:\/\/schema.org","@graph":[{"@type":"WebPage","@id":"https:\/\/www.bluessential.com\/en\/buildings-malaga\/","url":"https:\/\/www.bluessential.com\/en\/buildings-malaga\/","name":"Buildings Malaga - Bluessential Luxury Real Estate","isPartOf":{"@id":"https:\/\/www.bluessential.com\/#website"},"primaryImageOfPage":{"@id":"https:\/\/www.bluessential.com\/en\/buildings-malaga\/#primaryimage"},"image":{"@id":"https:\/\/www.bluessential.com\/en\/buildings-malaga\/#primaryimage"},"thumbnailUrl":"https:\/\/www.bluessential.com\/wp-content\/uploads\/2025\/06\/img71-592x444.jpg","datePublished":"2025-06-28T17:46:39+00:00","dateModified":"2025-06-28T18:37:37+00:00","breadcrumb":{"@id":"https:\/\/www.bluessential.com\/en\/buildings-malaga\/#breadcrumb"},"inLanguage":"en-US","potentialAction":[{"@type":"ReadAction","target":["https:\/\/www.bluessential.com\/en\/buildings-malaga\/"]}]},{"@type":"ImageObject","inLanguage":"en-US","@id":"https:\/\/www.bluessential.com\/en\/buildings-malaga\/#primaryimage","url":"https:\/\/www.bluessential.com\/wp-content\/uploads\/2025\/06\/img71-592x444.jpg","contentUrl":"https:\/\/www.bluessential.com\/wp-content\/uploads\/2025\/06\/img71-592x444.jpg"},{"@type":"BreadcrumbList","@id":"https:\/\/www.bluessential.com\/en\/buildings-malaga\/#breadcrumb","itemListElement":[{"@type":"ListItem","position":1,"name":"Portada","item":"https:\/\/www.bluessential.com\/"},{"@type":"ListItem","position":2,"name":"Buildings Malaga"}]},{"@type":"WebSite","@id":"https:\/\/www.bluessential.com\/#website","url":"https:\/\/www.bluessential.com\/","name":"Bluessential Luxury Real Estate","description":"Balearic Islands","potentialAction":[{"@type":"SearchAction","target":{"@type":"EntryPoint","urlTemplate":"https:\/\/www.bluessential.com\/?s={search_term_string}"},"query-input":{"@type":"PropertyValueSpecification","valueRequired":true,"valueName":"search_term_string"}}],"inLanguage":"en-US"}]}},"_links":{"self":[{"href":"https:\/\/www.bluessential.com\/en\/wp-json\/wp\/v2\/pages\/5225","targetHints":{"allow":["GET"]}}],"collection":[{"href":"https:\/\/www.bluessential.com\/en\/wp-json\/wp\/v2\/pages"}],"about":[{"href":"https:\/\/www.bluessential.com\/en\/wp-json\/wp\/v2\/types\/page"}],"author":[{"embeddable":true,"href":"https:\/\/www.bluessential.com\/en\/wp-json\/wp\/v2\/users\/1"}],"replies":[{"embeddable":true,"href":"https:\/\/www.bluessential.com\/en\/wp-json\/wp\/v2\/comments?post=5225"}],"version-history":[{"count":8,"href":"https:\/\/www.bluessential.com\/en\/wp-json\/wp\/v2\/pages\/5225\/revisions"}],"predecessor-version":[{"id":5330,"href":"https:\/\/www.bluessential.com\/en\/wp-json\/wp\/v2\/pages\/5225\/revisions\/5330"}],"wp:attachment":[{"href":"https:\/\/www.bluessential.com\/en\/wp-json\/wp\/v2\/media?parent=5225"}],"curies":[{"name":"wp","href":"https:\/\/api.w.org\/{rel}","templated":true}]}}